{"id":143,"date":"2020-06-05T17:45:29","date_gmt":"2020-06-05T17:45:29","guid":{"rendered":"https:\/\/jotadeart.com\/?page_id=143"},"modified":"2026-01-25T16:31:22","modified_gmt":"2026-01-25T16:31:22","slug":"courses-and-tutorials","status":"publish","type":"page","link":"https:\/\/jotadeart.com\/es\/courses-and-tutorials\/","title":{"rendered":"Tutorials"},"content":{"rendered":"<div data-elementor-type=\"wp-page\" data-elementor-id=\"143\" class=\"elementor elementor-143\">\n\t\t\t\t\t\t<section class=\"elementor-section elementor-top-section elementor-element elementor-element-df9332a elementor-section-boxed elementor-section-height-default elementor-section-height-default\" data-id=\"df9332a\" data-element_type=\"section\" data-e-type=\"section\">\n\t\t\t\t\t\t<div class=\"elementor-container elementor-column-gap-default\">\n\t\t\t\t\t<div class=\"elementor-column elementor-col-50 elementor-top-column elementor-element elementor-element-f177b73\" data-id=\"f177b73\" data-element_type=\"column\" data-e-type=\"column\">\n\t\t\t<div class=\"elementor-widget-wrap elementor-element-populated\">\n\t\t\t\t\t\t<div class=\"elementor-element elementor-element-e3bed9f elementor-widget elementor-widget-text-editor\" data-id=\"e3bed9f\" data-element_type=\"widget\" data-e-type=\"widget\" data-widget_type=\"text-editor.default\">\n\t\t\t\t<div class=\"elementor-widget-container\">\n\t\t\t\t\t\t\t\t\t<h3 class=\"fullscreen-side-bar-title\" tabindex=\"-1\">2026 Photoshop brush set!<\/h3><p class=\"fullscreen-side-bar-title\" tabindex=\"-1\">This is the set of brushes that I use for my illustrations! I hope they serve you! \ud83d\ude42 Download them for free on my Patreon!<\/p><div class=\"fullscreen-side-bar-description\" tabindex=\"-1\"><div class=\"fullscreen-side-bar-description-line\">\u00a0<\/div><\/div>\t\t\t\t\t\t\t\t<\/div>\n\t\t\t\t<\/div>\n\t\t\t\t\t<\/div>\n\t\t<\/div>\n\t\t\t\t<div class=\"elementor-column elementor-col-50 elementor-top-column elementor-element elementor-element-9049fb0\" data-id=\"9049fb0\" data-element_type=\"column\" data-e-type=\"column\">\n\t\t\t<div class=\"elementor-widget-wrap elementor-element-populated\">\n\t\t\t\t\t\t<div class=\"elementor-element elementor-element-cee6b05 elementor-widget elementor-widget-image\" data-id=\"cee6b05\" data-element_type=\"widget\" data-e-type=\"widget\" data-widget_type=\"image.default\">\n\t\t\t\t<div class=\"elementor-widget-container\">\n\t\t\t\t\t\t\t\t\t\t\t\t\t\t\t\t<a href=\"https:\/\/www.patreon.com\/posts\/my-2026-free-149043232?utm_medium=clipboard_copy&#038;utm_source=copyLink&#038;utm_campaign=postshare_creator&#038;utm_content=join_link\">\n\t\t\t\t\t\t\t<img fetchpriority=\"high\" decoding=\"async\" width=\"1024\" height=\"576\" src=\"https:\/\/jotadeart.com\/wp-content\/uploads\/2026\/01\/Pinceles-portada-1024x576.jpg\" class=\"attachment-large size-large wp-image-1501\" alt=\"\" srcset=\"https:\/\/jotadeart.com\/wp-content\/uploads\/2026\/01\/Pinceles-portada-1024x576.jpg 1024w, https:\/\/jotadeart.com\/wp-content\/uploads\/2026\/01\/Pinceles-portada-300x169.jpg 300w, https:\/\/jotadeart.com\/wp-content\/uploads\/2026\/01\/Pinceles-portada-768x432.jpg 768w, https:\/\/jotadeart.com\/wp-content\/uploads\/2026\/01\/Pinceles-portada-1536x864.jpg 1536w, https:\/\/jotadeart.com\/wp-content\/uploads\/2026\/01\/Pinceles-portada-18x10.jpg 18w, https:\/\/jotadeart.com\/wp-content\/uploads\/2026\/01\/Pinceles-portada.jpg 1920w\" sizes=\"(max-width: 1024px) 100vw, 1024px\" \/>\t\t\t\t\t\t\t\t<\/a>\n\t\t\t\t\t\t\t\t\t\t\t\t\t\t\t<\/div>\n\t\t\t\t<\/div>\n\t\t\t\t\t<\/div>\n\t\t<\/div>\n\t\t\t\t\t<\/div>\n\t\t<\/section>\n\t\t\t\t<section class=\"elementor-section elementor-top-section elementor-element elementor-element-1ca6f0c elementor-section-boxed elementor-section-height-default elementor-section-height-default\" data-id=\"1ca6f0c\" data-element_type=\"section\" data-e-type=\"section\">\n\t\t\t\t\t\t<div class=\"elementor-container elementor-column-gap-default\">\n\t\t\t\t\t<div class=\"elementor-column elementor-col-50 elementor-top-column elementor-element elementor-element-87db087\" data-id=\"87db087\" data-element_type=\"column\" data-e-type=\"column\">\n\t\t\t<div class=\"elementor-widget-wrap elementor-element-populated\">\n\t\t\t\t\t\t<div class=\"elementor-element elementor-element-65674ff elementor-widget elementor-widget-text-editor\" data-id=\"65674ff\" data-element_type=\"widget\" data-e-type=\"widget\" data-widget_type=\"text-editor.default\">\n\t\t\t\t<div class=\"elementor-widget-container\">\n\t\t\t\t\t\t\t\t\t<h3>Axolotl Aventurero<\/h3><p>Este fue el primer pack de ilustracion que lance en gumroad. En este pack encontraras un tutorial narrado de como realice esta ilustracion, ademas del proceso completo que dura una hora y media y el PSD en capas. Ademas de eso, te llevaras un PDF corto que te muestra los 09 pasos para una buena ilustracion.<\/p>\t\t\t\t\t\t\t\t<\/div>\n\t\t\t\t<\/div>\n\t\t\t\t\t<\/div>\n\t\t<\/div>\n\t\t\t\t<div class=\"elementor-column elementor-col-50 elementor-top-column elementor-element elementor-element-ceb3fa5\" data-id=\"ceb3fa5\" data-element_type=\"column\" data-e-type=\"column\">\n\t\t\t<div class=\"elementor-widget-wrap elementor-element-populated\">\n\t\t\t\t\t\t<div class=\"elementor-element elementor-element-af60760 elementor-widget elementor-widget-image\" data-id=\"af60760\" data-element_type=\"widget\" data-e-type=\"widget\" data-widget_type=\"image.default\">\n\t\t\t\t<div class=\"elementor-widget-container\">\n\t\t\t\t\t\t\t\t\t\t\t\t\t\t\t\t<a href=\"https:\/\/gum.co\/JpTgL\">\n\t\t\t\t\t\t\t<img decoding=\"async\" width=\"1024\" height=\"801\" src=\"https:\/\/jotadeart.com\/wp-content\/uploads\/2020\/06\/Axolotl_Portada02-1024x801.jpg\" class=\"attachment-large size-large wp-image-145\" alt=\"\" srcset=\"https:\/\/jotadeart.com\/wp-content\/uploads\/2020\/06\/Axolotl_Portada02-1024x801.jpg 1024w, https:\/\/jotadeart.com\/wp-content\/uploads\/2020\/06\/Axolotl_Portada02-300x235.jpg 300w, https:\/\/jotadeart.com\/wp-content\/uploads\/2020\/06\/Axolotl_Portada02-768x601.jpg 768w, https:\/\/jotadeart.com\/wp-content\/uploads\/2020\/06\/Axolotl_Portada02.jpg 1175w\" sizes=\"(max-width: 1024px) 100vw, 1024px\" \/>\t\t\t\t\t\t\t\t<\/a>\n\t\t\t\t\t\t\t\t\t\t\t\t\t\t\t<\/div>\n\t\t\t\t<\/div>\n\t\t\t\t\t<\/div>\n\t\t<\/div>\n\t\t\t\t\t<\/div>\n\t\t<\/section>\n\t\t\t\t<section class=\"elementor-section elementor-top-section elementor-element elementor-element-bef1fa6 elementor-section-boxed elementor-section-height-default elementor-section-height-default\" data-id=\"bef1fa6\" data-element_type=\"section\" data-e-type=\"section\">\n\t\t\t\t\t\t<div class=\"elementor-container elementor-column-gap-default\">\n\t\t\t\t\t<div class=\"elementor-column elementor-col-50 elementor-top-column elementor-element elementor-element-f6b59af\" data-id=\"f6b59af\" data-element_type=\"column\" data-e-type=\"column\">\n\t\t\t<div class=\"elementor-widget-wrap elementor-element-populated\">\n\t\t\t\t\t\t<div class=\"elementor-element elementor-element-2837307 elementor-widget elementor-widget-text-editor\" data-id=\"2837307\" data-element_type=\"widget\" data-e-type=\"widget\" data-widget_type=\"text-editor.default\">\n\t\t\t\t<div class=\"elementor-widget-container\">\n\t\t\t\t\t\t\t\t\t<h3 class=\"fullscreen-side-bar-title\" tabindex=\"-1\">Chica Demonio<\/h3><p class=\"fullscreen-side-bar-title\" tabindex=\"-1\"><br \/>En este pack encontrar\u00e1s el proceso completo de la ilustraci\u00f3n de la chica demonio, que tiene m\u00e1s de una hora y media de duraci\u00f3n, adem\u00e1s, una versi\u00f3n corta de 12 minutos aproximadamente en la cual yo explico los paso que segu\u00ed para realizar la ilustraci\u00f3n de la chica demonio, adem\u00e1s del psd en capas. Junto a eso recibir\u00e1s un tutorial corto de como ilustrar un rostro, ademas del PSD.<\/p>\t\t\t\t\t\t\t\t<\/div>\n\t\t\t\t<\/div>\n\t\t\t\t\t<\/div>\n\t\t<\/div>\n\t\t\t\t<div class=\"elementor-column elementor-col-50 elementor-top-column elementor-element elementor-element-b5bca27\" data-id=\"b5bca27\" data-element_type=\"column\" data-e-type=\"column\">\n\t\t\t<div class=\"elementor-widget-wrap elementor-element-populated\">\n\t\t\t\t\t\t<div class=\"elementor-element elementor-element-cbaad93 elementor-widget elementor-widget-image\" data-id=\"cbaad93\" data-element_type=\"widget\" data-e-type=\"widget\" data-widget_type=\"image.default\">\n\t\t\t\t<div class=\"elementor-widget-container\">\n\t\t\t\t\t\t\t\t\t\t\t\t\t\t\t\t<a href=\"https:\/\/gum.co\/KrjM\">\n\t\t\t\t\t\t\t<img decoding=\"async\" width=\"1024\" height=\"801\" src=\"https:\/\/jotadeart.com\/wp-content\/uploads\/2020\/06\/chica-demonio-gumroad-1024x801.jpg\" class=\"attachment-large size-large wp-image-150\" alt=\"\" srcset=\"https:\/\/jotadeart.com\/wp-content\/uploads\/2020\/06\/chica-demonio-gumroad-1024x801.jpg 1024w, https:\/\/jotadeart.com\/wp-content\/uploads\/2020\/06\/chica-demonio-gumroad-300x235.jpg 300w, https:\/\/jotadeart.com\/wp-content\/uploads\/2020\/06\/chica-demonio-gumroad-768x601.jpg 768w, https:\/\/jotadeart.com\/wp-content\/uploads\/2020\/06\/chica-demonio-gumroad.jpg 1175w\" sizes=\"(max-width: 1024px) 100vw, 1024px\" \/>\t\t\t\t\t\t\t\t<\/a>\n\t\t\t\t\t\t\t\t\t\t\t\t\t\t\t<\/div>\n\t\t\t\t<\/div>\n\t\t\t\t\t<\/div>\n\t\t<\/div>\n\t\t\t\t\t<\/div>\n\t\t<\/section>\n\t\t\t\t<section class=\"elementor-section elementor-top-section elementor-element elementor-element-cce31ae elementor-section-boxed elementor-section-height-default elementor-section-height-default\" data-id=\"cce31ae\" data-element_type=\"section\" data-e-type=\"section\">\n\t\t\t\t\t\t<div class=\"elementor-container elementor-column-gap-default\">\n\t\t\t\t\t<div class=\"elementor-column elementor-col-50 elementor-top-column elementor-element elementor-element-6c62def\" data-id=\"6c62def\" data-element_type=\"column\" data-e-type=\"column\">\n\t\t\t<div class=\"elementor-widget-wrap elementor-element-populated\">\n\t\t\t\t\t\t<div class=\"elementor-element elementor-element-16979ce elementor-widget elementor-widget-text-editor\" data-id=\"16979ce\" data-element_type=\"widget\" data-e-type=\"widget\" data-widget_type=\"text-editor.default\">\n\t\t\t\t<div class=\"elementor-widget-container\">\n\t\t\t\t\t\t\t\t\t<h3 class=\"fullscreen-side-bar-title\" tabindex=\"-1\">Reuni\u00f3n y Naturaleza<\/h3><p class=\"fullscreen-side-bar-title\" tabindex=\"-1\"><br \/>En este paquete orientado principalmente a la creaci\u00f3n de una ilustracion que tiene tanto personajes como escenarios. Ademas del video proceso, el\u00a0 video narrado, y el archivo PSD, tambien te llevar\u00e1s 3 tutoriales de como crear diferentes elementos para escenarios, tales como rocas, arbustos y pasto.\u00a0 Con este pack de ilustracion aprende y mejora tus fondos!\u00a0<\/p><div class=\"fullscreen-side-bar-description\" tabindex=\"-1\"><div class=\"fullscreen-side-bar-description-line\">\u00a0<\/div><\/div>\t\t\t\t\t\t\t\t<\/div>\n\t\t\t\t<\/div>\n\t\t\t\t\t<\/div>\n\t\t<\/div>\n\t\t\t\t<div class=\"elementor-column elementor-col-50 elementor-top-column elementor-element elementor-element-305c90a\" data-id=\"305c90a\" data-element_type=\"column\" data-e-type=\"column\">\n\t\t\t<div class=\"elementor-widget-wrap elementor-element-populated\">\n\t\t\t\t\t\t<div class=\"elementor-element elementor-element-86370f8 elementor-widget elementor-widget-image\" data-id=\"86370f8\" data-element_type=\"widget\" data-e-type=\"widget\" data-widget_type=\"image.default\">\n\t\t\t\t<div class=\"elementor-widget-container\">\n\t\t\t\t\t\t\t\t\t\t\t\t\t\t\t\t<a href=\"https:\/\/gumroad.com\/l\/ibnuv\">\n\t\t\t\t\t\t\t<img loading=\"lazy\" decoding=\"async\" width=\"1024\" height=\"801\" src=\"https:\/\/jotadeart.com\/wp-content\/uploads\/2020\/06\/Reencuentro_Portada01-1024x801.jpg\" class=\"attachment-large size-large wp-image-152\" alt=\"\" srcset=\"https:\/\/jotadeart.com\/wp-content\/uploads\/2020\/06\/Reencuentro_Portada01-1024x801.jpg 1024w, https:\/\/jotadeart.com\/wp-content\/uploads\/2020\/06\/Reencuentro_Portada01-300x235.jpg 300w, https:\/\/jotadeart.com\/wp-content\/uploads\/2020\/06\/Reencuentro_Portada01-768x601.jpg 768w, https:\/\/jotadeart.com\/wp-content\/uploads\/2020\/06\/Reencuentro_Portada01.jpg 1175w\" sizes=\"(max-width: 1024px) 100vw, 1024px\" \/>\t\t\t\t\t\t\t\t<\/a>\n\t\t\t\t\t\t\t\t\t\t\t\t\t\t\t<\/div>\n\t\t\t\t<\/div>\n\t\t\t\t\t<\/div>\n\t\t<\/div>\n\t\t\t\t\t<\/div>\n\t\t<\/section>\n\t\t\t\t<section class=\"elementor-section elementor-top-section elementor-element elementor-element-fab30e1 elementor-section-boxed elementor-section-height-default elementor-section-height-default\" data-id=\"fab30e1\" data-element_type=\"section\" data-e-type=\"section\">\n\t\t\t\t\t\t<div class=\"elementor-container elementor-column-gap-default\">\n\t\t\t\t\t<div class=\"elementor-column elementor-col-100 elementor-top-column elementor-element elementor-element-e6e40d1\" data-id=\"e6e40d1\" data-element_type=\"column\" data-e-type=\"column\">\n\t\t\t<div class=\"elementor-widget-wrap elementor-element-populated\">\n\t\t\t\t\t\t<section class=\"elementor-section elementor-inner-section elementor-element elementor-element-adb7f10 elementor-section-boxed elementor-section-height-default elementor-section-height-default\" data-id=\"adb7f10\" data-element_type=\"section\" data-e-type=\"section\">\n\t\t\t\t\t\t<div class=\"elementor-container elementor-column-gap-default\">\n\t\t\t\t\t<div class=\"elementor-column elementor-col-50 elementor-inner-column elementor-element elementor-element-0e0140d\" data-id=\"0e0140d\" data-element_type=\"column\" data-e-type=\"column\">\n\t\t\t<div class=\"elementor-widget-wrap\">\n\t\t\t\t\t\t\t<\/div>\n\t\t<\/div>\n\t\t\t\t<div class=\"elementor-column elementor-col-50 elementor-inner-column elementor-element elementor-element-2291313\" data-id=\"2291313\" data-element_type=\"column\" data-e-type=\"column\">\n\t\t\t<div class=\"elementor-widget-wrap\">\n\t\t\t\t\t\t\t<\/div>\n\t\t<\/div>\n\t\t\t\t\t<\/div>\n\t\t<\/section>\n\t\t\t\t\t<\/div>\n\t\t<\/div>\n\t\t\t\t\t<\/div>\n\t\t<\/section>\n\t\t\t\t<\/div>","protected":false},"excerpt":{"rendered":"<p>2026 Photoshop brush set! This is the set of brushes that I use for my illustrations! I hope they serve you! \ud83d\ude42 Download them for free on my Patreon! \u00a0 Axolotl Adventurer This was the first illustration pack I released on gumroad. In this pack you will find a narrated tutorial on how to make [&hellip;]<\/p>\n","protected":false},"author":1,"featured_media":0,"parent":0,"menu_order":0,"comment_status":"closed","ping_status":"closed","template":"","meta":{"site-sidebar-layout":"no-sidebar","site-content-layout":"page-builder","ast-site-content-layout":"default","site-content-style":"default","site-sidebar-style":"default","ast-global-header-display":"","ast-banner-title-visibility":"","ast-main-header-display":"","ast-hfb-above-header-display":"","ast-hfb-below-header-display":"","ast-hfb-mobile-header-display":"","site-post-title":"disabled","ast-breadcrumbs-content":"","ast-featured-img":"disabled","footer-sml-layout":"","ast-disable-related-posts":"","theme-transparent-header-meta":"default","adv-header-id-meta":"","stick-header-meta":"","header-above-stick-meta":"","header-main-stick-meta":"","header-below-stick-meta":"","astra-migrate-meta-layouts":"default","ast-page-background-enabled":"default","ast-page-background-meta":{"desktop":{"background-color":"","background-image":"","background-repeat":"repeat","background-position":"center center","background-size":"auto","background-attachment":"scroll","background-type":"","background-media":"","overlay-type":"","overlay-color":"","overlay-opacity":"","overlay-gradient":""},"tablet":{"background-color":"","background-image":"","background-repeat":"repeat","background-position":"center center","background-size":"auto","background-attachment":"scroll","background-type":"","background-media":"","overlay-type":"","overlay-color":"","overlay-opacity":"","overlay-gradient":""},"mobile":{"background-color":"","background-image":"","background-repeat":"repeat","background-position":"center center","background-size":"auto","background-attachment":"scroll","background-type":"","background-media":"","overlay-type":"","overlay-color":"","overlay-opacity":"","overlay-gradient":""}},"ast-content-background-meta":{"desktop":{"background-color":"var(--ast-global-color-5)","background-image":"","background-repeat":"repeat","background-position":"center center","background-size":"auto","background-attachment":"scroll","background-type":"","background-media":"","overlay-type":"","overlay-color":"","overlay-opacity":"","overlay-gradient":""},"tablet":{"background-color":"var(--ast-global-color-5)","background-image":"","background-repeat":"repeat","background-position":"center center","background-size":"auto","background-attachment":"scroll","background-type":"","background-media":"","overlay-type":"","overlay-color":"","overlay-opacity":"","overlay-gradient":""},"mobile":{"background-color":"var(--ast-global-color-5)","background-image":"","background-repeat":"repeat","background-position":"center center","background-size":"auto","background-attachment":"scroll","background-type":"","background-media":"","overlay-type":"","overlay-color":"","overlay-opacity":"","overlay-gradient":""}},"footnotes":""},"class_list":["post-143","page","type-page","status-publish","hentry"],"yoast_head":"<!-- This site is optimized with the Yoast SEO plugin v27.4 - https:\/\/yoast.com\/product\/yoast-seo-wordpress\/ -->\n<title>Tutorials -<\/title>\n<meta name=\"robots\" content=\"index, follow, max-snippet:-1, max-image-preview:large, max-video-preview:-1\" \/>\n<link rel=\"canonical\" href=\"https:\/\/jotadeart.com\/es\/courses-and-tutorials\/\" \/>\n<meta property=\"og:locale\" content=\"es_ES\" \/>\n<meta property=\"og:type\" content=\"article\" \/>\n<meta property=\"og:title\" content=\"Tutorials -\" \/>\n<meta property=\"og:description\" content=\"2026 Photoshop brush set! This is the set of brushes that I use for my illustrations! I hope they serve you! \ud83d\ude42 Download them for free on my Patreon! \u00a0 Axolotl Adventurer This was the first illustration pack I released on gumroad. In this pack you will find a narrated tutorial on how to make [&hellip;]\" \/>\n<meta property=\"og:url\" content=\"https:\/\/jotadeart.com\/es\/courses-and-tutorials\/\" \/>\n<meta property=\"article:modified_time\" content=\"2026-01-25T16:31:22+00:00\" \/>\n<meta property=\"og:image\" content=\"https:\/\/jotadeart.com\/wp-content\/uploads\/2026\/01\/Pinceles-portada.jpg\" \/>\n\t<meta property=\"og:image:width\" content=\"1920\" \/>\n\t<meta property=\"og:image:height\" content=\"1080\" \/>\n\t<meta property=\"og:image:type\" content=\"image\/jpeg\" \/>\n<meta name=\"twitter:card\" content=\"summary_large_image\" \/>\n<meta name=\"twitter:label1\" content=\"Tiempo de lectura\" \/>\n\t<meta name=\"twitter:data1\" content=\"2 minutos\" \/>\n<script type=\"application\/ld+json\" class=\"yoast-schema-graph\">{\"@context\":\"https:\\\/\\\/schema.org\",\"@graph\":[{\"@type\":\"WebPage\",\"@id\":\"https:\\\/\\\/jotadeart.com\\\/courses-and-tutorials\\\/\",\"url\":\"https:\\\/\\\/jotadeart.com\\\/courses-and-tutorials\\\/\",\"name\":\"Tutorials -\",\"isPartOf\":{\"@id\":\"https:\\\/\\\/jotadeart.com\\\/#website\"},\"primaryImageOfPage\":{\"@id\":\"https:\\\/\\\/jotadeart.com\\\/courses-and-tutorials\\\/#primaryimage\"},\"image\":{\"@id\":\"https:\\\/\\\/jotadeart.com\\\/courses-and-tutorials\\\/#primaryimage\"},\"thumbnailUrl\":\"https:\\\/\\\/jotadeart.com\\\/wp-content\\\/uploads\\\/2026\\\/01\\\/Pinceles-portada-1024x576.jpg\",\"datePublished\":\"2020-06-05T17:45:29+00:00\",\"dateModified\":\"2026-01-25T16:31:22+00:00\",\"breadcrumb\":{\"@id\":\"https:\\\/\\\/jotadeart.com\\\/courses-and-tutorials\\\/#breadcrumb\"},\"inLanguage\":\"es\",\"potentialAction\":[{\"@type\":\"ReadAction\",\"target\":[\"https:\\\/\\\/jotadeart.com\\\/courses-and-tutorials\\\/\"]}]},{\"@type\":\"ImageObject\",\"inLanguage\":\"es\",\"@id\":\"https:\\\/\\\/jotadeart.com\\\/courses-and-tutorials\\\/#primaryimage\",\"url\":\"https:\\\/\\\/jotadeart.com\\\/wp-content\\\/uploads\\\/2026\\\/01\\\/Pinceles-portada-1024x576.jpg\",\"contentUrl\":\"https:\\\/\\\/jotadeart.com\\\/wp-content\\\/uploads\\\/2026\\\/01\\\/Pinceles-portada-1024x576.jpg\"},{\"@type\":\"BreadcrumbList\",\"@id\":\"https:\\\/\\\/jotadeart.com\\\/courses-and-tutorials\\\/#breadcrumb\",\"itemListElement\":[{\"@type\":\"ListItem\",\"position\":1,\"name\":\"Portada\",\"item\":\"https:\\\/\\\/jotadeart.com\\\/\"},{\"@type\":\"ListItem\",\"position\":2,\"name\":\"Tutorials\"}]},{\"@type\":\"WebSite\",\"@id\":\"https:\\\/\\\/jotadeart.com\\\/#website\",\"url\":\"https:\\\/\\\/jotadeart.com\\\/\",\"name\":\"\",\"description\":\"My work and illustrations!\",\"potentialAction\":[{\"@type\":\"SearchAction\",\"target\":{\"@type\":\"EntryPoint\",\"urlTemplate\":\"https:\\\/\\\/jotadeart.com\\\/?s={search_term_string}\"},\"query-input\":{\"@type\":\"PropertyValueSpecification\",\"valueRequired\":true,\"valueName\":\"search_term_string\"}}],\"inLanguage\":\"es\"}]}<\/script>\n<!-- \/ Yoast SEO plugin. -->","yoast_head_json":{"title":"Tutorials -","robots":{"index":"index","follow":"follow","max-snippet":"max-snippet:-1","max-image-preview":"max-image-preview:large","max-video-preview":"max-video-preview:-1"},"canonical":"https:\/\/jotadeart.com\/es\/courses-and-tutorials\/","og_locale":"es_ES","og_type":"article","og_title":"Tutorials -","og_description":"2026 Photoshop brush set! This is the set of brushes that I use for my illustrations! I hope they serve you! \ud83d\ude42 Download them for free on my Patreon! \u00a0 Axolotl Adventurer This was the first illustration pack I released on gumroad. In this pack you will find a narrated tutorial on how to make [&hellip;]","og_url":"https:\/\/jotadeart.com\/es\/courses-and-tutorials\/","article_modified_time":"2026-01-25T16:31:22+00:00","og_image":[{"width":1920,"height":1080,"url":"https:\/\/jotadeart.com\/wp-content\/uploads\/2026\/01\/Pinceles-portada.jpg","type":"image\/jpeg"}],"twitter_card":"summary_large_image","twitter_misc":{"Tiempo de lectura":"2 minutos"},"schema":{"@context":"https:\/\/schema.org","@graph":[{"@type":"WebPage","@id":"https:\/\/jotadeart.com\/courses-and-tutorials\/","url":"https:\/\/jotadeart.com\/courses-and-tutorials\/","name":"Tutorials -","isPartOf":{"@id":"https:\/\/jotadeart.com\/#website"},"primaryImageOfPage":{"@id":"https:\/\/jotadeart.com\/courses-and-tutorials\/#primaryimage"},"image":{"@id":"https:\/\/jotadeart.com\/courses-and-tutorials\/#primaryimage"},"thumbnailUrl":"https:\/\/jotadeart.com\/wp-content\/uploads\/2026\/01\/Pinceles-portada-1024x576.jpg","datePublished":"2020-06-05T17:45:29+00:00","dateModified":"2026-01-25T16:31:22+00:00","breadcrumb":{"@id":"https:\/\/jotadeart.com\/courses-and-tutorials\/#breadcrumb"},"inLanguage":"es","potentialAction":[{"@type":"ReadAction","target":["https:\/\/jotadeart.com\/courses-and-tutorials\/"]}]},{"@type":"ImageObject","inLanguage":"es","@id":"https:\/\/jotadeart.com\/courses-and-tutorials\/#primaryimage","url":"https:\/\/jotadeart.com\/wp-content\/uploads\/2026\/01\/Pinceles-portada-1024x576.jpg","contentUrl":"https:\/\/jotadeart.com\/wp-content\/uploads\/2026\/01\/Pinceles-portada-1024x576.jpg"},{"@type":"BreadcrumbList","@id":"https:\/\/jotadeart.com\/courses-and-tutorials\/#breadcrumb","itemListElement":[{"@type":"ListItem","position":1,"name":"Portada","item":"https:\/\/jotadeart.com\/"},{"@type":"ListItem","position":2,"name":"Tutorials"}]},{"@type":"WebSite","@id":"https:\/\/jotadeart.com\/#website","url":"https:\/\/jotadeart.com\/","name":"","description":"My work and illustrations!","potentialAction":[{"@type":"SearchAction","target":{"@type":"EntryPoint","urlTemplate":"https:\/\/jotadeart.com\/?s={search_term_string}"},"query-input":{"@type":"PropertyValueSpecification","valueRequired":true,"valueName":"search_term_string"}}],"inLanguage":"es"}]}},"_links":{"self":[{"href":"https:\/\/jotadeart.com\/es\/wp-json\/wp\/v2\/pages\/143","targetHints":{"allow":["GET"]}}],"collection":[{"href":"https:\/\/jotadeart.com\/es\/wp-json\/wp\/v2\/pages"}],"about":[{"href":"https:\/\/jotadeart.com\/es\/wp-json\/wp\/v2\/types\/page"}],"author":[{"embeddable":true,"href":"https:\/\/jotadeart.com\/es\/wp-json\/wp\/v2\/users\/1"}],"replies":[{"embeddable":true,"href":"https:\/\/jotadeart.com\/es\/wp-json\/wp\/v2\/comments?post=143"}],"version-history":[{"count":62,"href":"https:\/\/jotadeart.com\/es\/wp-json\/wp\/v2\/pages\/143\/revisions"}],"predecessor-version":[{"id":1507,"href":"https:\/\/jotadeart.com\/es\/wp-json\/wp\/v2\/pages\/143\/revisions\/1507"}],"wp:attachment":[{"href":"https:\/\/jotadeart.com\/es\/wp-json\/wp\/v2\/media?parent=143"}],"curies":[{"name":"wp","href":"https:\/\/api.w.org\/{rel}","templated":true}]}}